{"id":1692,"date":"2023-10-19T16:47:40","date_gmt":"2023-10-19T14:47:40","guid":{"rendered":"https:\/\/guercino.cultura.gov.it\/?page_id=1692"},"modified":"2023-10-26T09:35:58","modified_gmt":"2023-10-26T07:35:58","slug":"progettazione-4-9-3","status":"publish","type":"page","link":"https:\/\/guercino.cultura.gov.it\/?page_id=1692","title":{"rendered":"Libro dei conti San Giovanni"},"content":{"rendered":"\t\t<div data-elementor-type=\"wp-page\" data-elementor-id=\"1692\" class=\"elementor elementor-1692\" data-elementor-post-type=\"page\">\n\t\t\t\t\t\t<section class=\"elementor-section elementor-top-section elementor-element elementor-element-3244d90c elementor-section-stretched elementor-section-items-stretch elementor-section-content-bottom elementor-section-height-min-height elementor-section-boxed elementor-section-height-default\" data-id=\"3244d90c\" data-element_type=\"section\" data-settings=\"{&quot;stretch_section&quot;:&quot;section-stretched&quot;,&quot;background_background&quot;:&quot;classic&quot;}\">\n\t\t\t\t\t\t\t<div class=\"elementor-background-overlay\"><\/div>\n\t\t\t\t\t\t\t<div class=\"elementor-container elementor-column-gap-no\">\n\t\t\t\t\t<div class=\"elementor-column elementor-col-100 elementor-top-column elementor-element elementor-element-62fa598e\" data-id=\"62fa598e\" data-element_type=\"column\" data-settings=\"{&quot;background_background&quot;:&quot;gradient&quot;}\">\n\t\t\t<div class=\"elementor-widget-wrap elementor-element-populated\">\n\t\t\t\t\t\t<div class=\"elementor-element elementor-element-40e3ff5 elementor-invisible elementor-widget elementor-widget-heading\" data-id=\"40e3ff5\" data-element_type=\"widget\" data-settings=\"{&quot;_animation&quot;:&quot;fadeInUp&quot;}\" data-widget_type=\"heading.default\">\n\t\t\t\t<div class=\"elementor-widget-container\">\n\t\t\t<h1 class=\"elementor-heading-title elementor-size-default\"><i>San Giovanni Battista<\/i><\/h1>\t\t<\/div>\n\t\t\t\t<\/div>\n\t\t\t\t<div class=\"elementor-element elementor-element-72633dc elementor-invisible elementor-widget elementor-widget-heading\" data-id=\"72633dc\" data-element_type=\"widget\" data-settings=\"{&quot;_animation&quot;:&quot;fadeInDown&quot;}\" data-widget_type=\"heading.default\">\n\t\t\t\t<div class=\"elementor-widget-container\">\n\t\t\t<p class=\"elementor-heading-title elementor-size-default\">1644<\/p>\t\t<\/div>\n\t\t\t\t<\/div>\n\t\t\t\t<div class=\"elementor-element elementor-element-a1c7b6d elementor-widget-divider--view-line elementor-invisible elementor-widget elementor-widget-divider\" data-id=\"a1c7b6d\" data-element_type=\"widget\" data-settings=\"{&quot;_animation&quot;:&quot;zoomIn&quot;,&quot;_animation_delay&quot;:400}\" data-widget_type=\"divider.default\">\n\t\t\t\t<div class=\"elementor-widget-container\">\n\t\t\t\t\t<div class=\"elementor-divider\">\n\t\t\t<span class=\"elementor-divider-separator\">\n\t\t\t\t\t\t<\/span>\n\t\t<\/div>\n\t\t\t\t<\/div>\n\t\t\t\t<\/div>\n\t\t\t\t<div class=\"elementor-element elementor-element-0420c68 elementor-invisible elementor-widget elementor-widget-heading\" data-id=\"0420c68\" data-element_type=\"widget\" data-settings=\"{&quot;_animation&quot;:&quot;fadeIn&quot;,&quot;_animation_delay&quot;:200}\" data-widget_type=\"heading.default\">\n\t\t\t\t<div class=\"elementor-widget-container\">\n\t\t\t<h2 class=\"elementor-heading-title elementor-size-default\">fonti<\/h2>\t\t<\/div>\n\t\t\t\t<\/div>\n\t\t\t\t<div class=\"elementor-element elementor-element-328160b elementor-widget__width-initial elementor-fixed elementor-widget elementor-widget-image\" data-id=\"328160b\" data-element_type=\"widget\" data-settings=\"{&quot;_position&quot;:&quot;fixed&quot;}\" data-widget_type=\"image.default\">\n\t\t\t\t<div class=\"elementor-widget-container\">\n\t\t\t\t\t\t\t\t\t\t\t\t\t\t<a href=\"https:\/\/guercino.cultura.gov.it\/?page_id=1080\">\n\t\t\t\t\t\t\t<img decoding=\"async\" width=\"100\" height=\"100\" src=\"https:\/\/guercino.cultura.gov.it\/wp-content\/uploads\/2023\/10\/icons8-cerchiato-sinistra-100-2.png\" class=\"attachment-full size-full wp-image-1996\" alt=\"\" \/>\t\t\t\t\t\t\t\t<\/a>\n\t\t\t\t\t\t\t\t\t\t\t\t\t<\/div>\n\t\t\t\t<\/div>\n\t\t\t\t\t<\/div>\n\t\t<\/div>\n\t\t\t\t\t<\/div>\n\t\t<\/section>\n\t\t\t\t<section class=\"elementor-section elementor-top-section elementor-element elementor-element-513c686c elementor-section-height-min-height animated-slow elementor-section-boxed elementor-section-height-default elementor-section-items-middle elementor-invisible\" data-id=\"513c686c\" data-element_type=\"section\" data-settings=\"{&quot;background_background&quot;:&quot;classic&quot;,&quot;animation&quot;:&quot;zoomIn&quot;}\">\n\t\t\t\t\t\t\t<div class=\"elementor-background-overlay\"><\/div>\n\t\t\t\t\t\t\t<div class=\"elementor-container elementor-column-gap-default\">\n\t\t\t\t\t<div class=\"elementor-column elementor-col-50 elementor-top-column elementor-element elementor-element-6e253589\" data-id=\"6e253589\" data-element_type=\"column\">\n\t\t\t<div class=\"elementor-widget-wrap elementor-element-populated\">\n\t\t\t\t\t\t<div class=\"elementor-element elementor-element-e33da4b animated-slow elementor-widget elementor-widget-image\" data-id=\"e33da4b\" data-element_type=\"widget\" data-settings=\"{&quot;_animation&quot;:&quot;none&quot;}\" data-widget_type=\"image.default\">\n\t\t\t\t<div class=\"elementor-widget-container\">\n\t\t\t\t\t\t\t\t\t\t\t\t\t\t<a href=\"http:\/\/guercino.cultura.gov.it\/wp-content\/uploads\/2023\/10\/14-dicembre-copia-1-scaled.jpg\" data-elementor-open-lightbox=\"yes\" data-elementor-lightbox-title=\"33 - a_\" data-e-action-hash=\"#elementor-action%3Aaction%3Dlightbox%26settings%3DeyJpZCI6MjcxNywidXJsIjoiaHR0cHM6XC9cL2d1ZXJjaW5vLmN1bHR1cmEuZ292Lml0XC93cC1jb250ZW50XC91cGxvYWRzXC8yMDIzXC8xMFwvMTQtZGljZW1icmUtY29waWEtMS1zY2FsZWQuanBnIn0%3D\">\n\t\t\t\t\t\t\t<img fetchpriority=\"high\" decoding=\"async\" width=\"1024\" height=\"764\" src=\"https:\/\/guercino.cultura.gov.it\/wp-content\/uploads\/2023\/10\/14-dicembre-copia-1-1024x764.jpg\" class=\"attachment-large size-large wp-image-2717\" alt=\"\" srcset=\"https:\/\/guercino.cultura.gov.it\/wp-content\/uploads\/2023\/10\/14-dicembre-copia-1-1024x764.jpg 1024w, https:\/\/guercino.cultura.gov.it\/wp-content\/uploads\/2023\/10\/14-dicembre-copia-1-300x224.jpg 300w, https:\/\/guercino.cultura.gov.it\/wp-content\/uploads\/2023\/10\/14-dicembre-copia-1-768x573.jpg 768w, https:\/\/guercino.cultura.gov.it\/wp-content\/uploads\/2023\/10\/14-dicembre-copia-1-1536x1146.jpg 1536w, https:\/\/guercino.cultura.gov.it\/wp-content\/uploads\/2023\/10\/14-dicembre-copia-1-2048x1528.jpg 2048w\" sizes=\"(max-width: 1024px) 100vw, 1024px\" \/>\t\t\t\t\t\t\t\t<\/a>\n\t\t\t\t\t\t\t\t\t\t\t\t\t<\/div>\n\t\t\t\t<\/div>\n\t\t\t\t\t<\/div>\n\t\t<\/div>\n\t\t\t\t<div class=\"elementor-column elementor-col-50 elementor-top-column elementor-element elementor-element-7d664a53\" data-id=\"7d664a53\" data-element_type=\"column\">\n\t\t\t<div class=\"elementor-widget-wrap elementor-element-populated\">\n\t\t\t\t\t\t<div class=\"elementor-element elementor-element-6a3d09d elementor-widget__width-initial elementor-tabs-view-horizontal elementor-widget elementor-widget-tabs\" data-id=\"6a3d09d\" data-element_type=\"widget\" data-widget_type=\"tabs.default\">\n\t\t\t\t<div class=\"elementor-widget-container\">\n\t\t\t\t\t<div class=\"elementor-tabs\">\n\t\t\t<div class=\"elementor-tabs-wrapper\" role=\"tablist\" >\n\t\t\t\t\t\t\t\t\t<div id=\"elementor-tab-title-1111\" class=\"elementor-tab-title elementor-tab-desktop-title\" aria-selected=\"true\" data-tab=\"1\" role=\"tab\" tabindex=\"0\" aria-controls=\"elementor-tab-content-1111\" aria-expanded=\"false\">Libro dei conti del Guercino<\/div>\n\t\t\t\t\t\t\t\t\t<div id=\"elementor-tab-title-1112\" class=\"elementor-tab-title elementor-tab-desktop-title\" aria-selected=\"false\" data-tab=\"2\" role=\"tab\" tabindex=\"-1\" aria-controls=\"elementor-tab-content-1112\" aria-expanded=\"false\">Riferimento nel testo<\/div>\n\t\t\t\t\t\t\t<\/div>\n\t\t\t<div class=\"elementor-tabs-content-wrapper\" role=\"tablist\" aria-orientation=\"vertical\">\n\t\t\t\t\t\t\t\t\t<div class=\"elementor-tab-title elementor-tab-mobile-title\" aria-selected=\"true\" data-tab=\"1\" role=\"tab\" tabindex=\"0\" aria-controls=\"elementor-tab-content-1111\" aria-expanded=\"false\">Libro dei conti del Guercino<\/div>\n\t\t\t\t\t<div id=\"elementor-tab-content-1111\" class=\"elementor-tab-content elementor-clearfix\" data-tab=\"1\" role=\"tabpanel\" aria-labelledby=\"elementor-tab-title-1111\" tabindex=\"0\" hidden=\"false\"><p class=\"western\"><font face=\"aetna\"><span style=\"font-size: 18.6667px;\">Assunto il controllo della bottega appartenuta a Benedetto gennari senior, Guercino e il fratello Paolo Antonio si uniformarono alle regole della Compagnia dei pittori di Bologna, che richiedevano per le botteghe artistiche l&#8217;utilizzo di adeguati strumenti contabili. Dal 1629 Paolo Antonio cominci\u00f2 a compilare il Libro dei conti, supporto essenziale alla gestione degli affari economici della famiglia e della bottega, dove vennero registrati sia il denaro riscosso per i dipinti, sia le spese sostenute per il mantenimento della casa e della famiglia. Nei vent&#8217;anni in cui fu lui ad occuparsi del Libro dei conti, le voci relative ai singoli quadri &#8211; dal loro formato, al costo dell&#8217;opera, fino alle notizie su intermediari e committenti &#8211; furono annotate con ordine e regolarit\u00e0. Dopo la morte di Paolo Antonio, avvenuta nel 1649, alla sua scrupolosa compilazione subentra quella pi\u00f9 frettolosa del Guercino al quale succeder\u00e0, a partire dal 1665, il nipote Benedetto Gennari, che riusc\u00ec ad amministrare con pi\u00f9 precisione ed efficacia questo fondamentale strumento contabile.<\/span><\/font><\/p>\n<p class=\"western\">\n<\/p><\/div>\n\t\t\t\t\t\t\t\t\t<div class=\"elementor-tab-title elementor-tab-mobile-title\" aria-selected=\"false\" data-tab=\"2\" role=\"tab\" tabindex=\"-1\" aria-controls=\"elementor-tab-content-1112\" aria-expanded=\"false\">Riferimento nel testo<\/div>\n\t\t\t\t\t<div id=\"elementor-tab-content-1112\" class=\"elementor-tab-content elementor-clearfix\" data-tab=\"2\" role=\"tabpanel\" aria-labelledby=\"elementor-tab-title-1112\" tabindex=\"0\" hidden=\"hidden\"><p><a href=\"http:\/\/guercino.cultura.gov.it\/wp-content\/uploads\/2023\/10\/14-dicembre-dettaglio.jpg\"><img decoding=\"async\" class=\"alignnone wp-image-1713 size-large\" src=\"http:\/\/guercino.cultura.gov.it\/wp-content\/uploads\/2023\/10\/14-dicembre-dettaglio-1024x287.jpg\" alt=\"\" width=\"1024\" height=\"287\" srcset=\"https:\/\/guercino.cultura.gov.it\/wp-content\/uploads\/2023\/10\/14-dicembre-dettaglio-1024x287.jpg 1024w, https:\/\/guercino.cultura.gov.it\/wp-content\/uploads\/2023\/10\/14-dicembre-dettaglio-300x84.jpg 300w, https:\/\/guercino.cultura.gov.it\/wp-content\/uploads\/2023\/10\/14-dicembre-dettaglio-768x215.jpg 768w, https:\/\/guercino.cultura.gov.it\/wp-content\/uploads\/2023\/10\/14-dicembre-dettaglio-1536x430.jpg 1536w, https:\/\/guercino.cultura.gov.it\/wp-content\/uploads\/2023\/10\/14-dicembre-dettaglio-2048x574.jpg 2048w\" sizes=\"(max-width: 1024px) 100vw, 1024px\" \/><\/a><\/p><p><span style=\"font-family: aetna; font-size: 14pt;\">GUERCINO, Libro dei conti, ms., Bologna, Biblioteca comunale dell&#8217;Archiginnasio, B 331, c 27v<\/span><br \/><span style=\"font-family: aetna; font-size: 14pt;\">Libro dei Conti (ed. Ghelfi 1997), p. 123, no. 321.<\/span><\/p><p><span style=\"font-family: aetna; font-size: 14pt;\">Il di 14. Dicembre<\/span><br \/><span style=\"font-family: aetna; font-size: 14pt;\">Dall\u2019Ill. Sig. Co. Etorre Gisilieri si \u00e8 ricevuto dopie n. 20 di Spagna per il San Giovanni Battista mezza figura Sdi 75<\/span><\/p><\/div>\n\t\t\t\t\t\t\t<\/div>\n\t\t<\/div>\n\t\t\t\t<\/div>\n\t\t\t\t<\/div>\n\t\t\t\t\t<\/div>\n\t\t<\/div>\n\t\t\t\t\t<\/div>\n\t\t<\/section>\n\t\t\t\t<\/div>\n\t\t","protected":false},"excerpt":{"rendered":"<p>San Giovanni Battista 1644 fonti Libro dei conti del Guercino Riferimento nel testo Libro dei conti del Guercino Assunto il controllo della bottega appartenuta a Benedetto gennari senior, Guercino e il fratello Paolo Antonio si uniformarono alle regole della Compagnia dei pittori di Bologna, che richiedevano per le botteghe artistiche l&#8217;utilizzo di adeguati strumenti contabili. [&hellip;]<\/p>\n","protected":false},"author":2,"featured_media":0,"parent":0,"menu_order":0,"comment_status":"closed","ping_status":"closed","template":"","meta":{"ocean_post_layout":"full-screen","ocean_both_sidebars_style":"","ocean_both_sidebars_content_width":0,"ocean_both_sidebars_sidebars_width":0,"ocean_sidebar":"","ocean_second_sidebar":"","ocean_disable_margins":"enable","ocean_add_body_class":"","ocean_shortcode_before_top_bar":"","ocean_shortcode_after_top_bar":"","ocean_shortcode_before_header":"","ocean_shortcode_after_header":"","ocean_has_shortcode":"","ocean_shortcode_after_title":"","ocean_shortcode_before_footer_widgets":"","ocean_shortcode_after_footer_widgets":"","ocean_shortcode_before_footer_bottom":"","ocean_shortcode_after_footer_bottom":"","ocean_display_top_bar":"off","ocean_display_header":"default","ocean_header_style":"","ocean_center_header_left_menu":"","ocean_custom_header_template":"","ocean_custom_logo":0,"ocean_custom_retina_logo":0,"ocean_custom_logo_max_width":0,"ocean_custom_logo_tablet_max_width":0,"ocean_custom_logo_mobile_max_width":0,"ocean_custom_logo_max_height":0,"ocean_custom_logo_tablet_max_height":0,"ocean_custom_logo_mobile_max_height":0,"ocean_header_custom_menu":"","ocean_menu_typo_font_family":"","ocean_menu_typo_font_subset":"","ocean_menu_typo_font_size":0,"ocean_menu_typo_font_size_tablet":0,"ocean_menu_typo_font_size_mobile":0,"ocean_menu_typo_font_size_unit":"px","ocean_menu_typo_font_weight":"","ocean_menu_typo_font_weight_tablet":"","ocean_menu_typo_font_weight_mobile":"","ocean_menu_typo_transform":"","ocean_menu_typo_transform_tablet":"","ocean_menu_typo_transform_mobile":"","ocean_menu_typo_line_height":0,"ocean_menu_typo_line_height_tablet":0,"ocean_menu_typo_line_height_mobile":0,"ocean_menu_typo_line_height_unit":"","ocean_menu_typo_spacing":0,"ocean_menu_typo_spacing_tablet":0,"ocean_menu_typo_spacing_mobile":0,"ocean_menu_typo_spacing_unit":"","ocean_menu_link_color":"","ocean_menu_link_color_hover":"","ocean_menu_link_color_active":"","ocean_menu_link_background":"","ocean_menu_link_hover_background":"","ocean_menu_link_active_background":"","ocean_menu_social_links_bg":"","ocean_menu_social_hover_links_bg":"","ocean_menu_social_links_color":"","ocean_menu_social_hover_links_color":"","ocean_disable_title":"on","ocean_disable_heading":"default","ocean_post_title":"","ocean_post_subheading":"","ocean_post_title_style":"","ocean_post_title_background_color":"","ocean_post_title_background":0,"ocean_post_title_bg_image_position":"","ocean_post_title_bg_image_attachment":"","ocean_post_title_bg_image_repeat":"","ocean_post_title_bg_image_size":"","ocean_post_title_height":0,"ocean_post_title_bg_overlay":0.5,"ocean_post_title_bg_overlay_color":"","ocean_disable_breadcrumbs":"default","ocean_breadcrumbs_color":"","ocean_breadcrumbs_separator_color":"","ocean_breadcrumbs_links_color":"","ocean_breadcrumbs_links_hover_color":"","ocean_display_footer_widgets":"off","ocean_display_footer_bottom":"off","ocean_custom_footer_template":"","footnotes":""},"class_list":["post-1692","page","type-page","status-publish","hentry","entry"],"_links":{"self":[{"href":"https:\/\/guercino.cultura.gov.it\/index.php?rest_route=\/wp\/v2\/pages\/1692","targetHints":{"allow":["GET"]}}],"collection":[{"href":"https:\/\/guercino.cultura.gov.it\/index.php?rest_route=\/wp\/v2\/pages"}],"about":[{"href":"https:\/\/guercino.cultura.gov.it\/index.php?rest_route=\/wp\/v2\/types\/page"}],"author":[{"embeddable":true,"href":"https:\/\/guercino.cultura.gov.it\/index.php?rest_route=\/wp\/v2\/users\/2"}],"replies":[{"embeddable":true,"href":"https:\/\/guercino.cultura.gov.it\/index.php?rest_route=%2Fwp%2Fv2%2Fcomments&post=1692"}],"version-history":[{"count":17,"href":"https:\/\/guercino.cultura.gov.it\/index.php?rest_route=\/wp\/v2\/pages\/1692\/revisions"}],"predecessor-version":[{"id":3368,"href":"https:\/\/guercino.cultura.gov.it\/index.php?rest_route=\/wp\/v2\/pages\/1692\/revisions\/3368"}],"wp:attachment":[{"href":"https:\/\/guercino.cultura.gov.it\/index.php?rest_route=%2Fwp%2Fv2%2Fmedia&parent=1692"}],"curies":[{"name":"wp","href":"https:\/\/api.w.org\/{rel}","templated":true}]}}